{"id":1518,"date":"2024-09-24T22:10:05","date_gmt":"2024-09-24T20:10:05","guid":{"rendered":"https:\/\/ebooks.redpin.agency\/?page_id=1518"},"modified":"2024-09-24T23:32:45","modified_gmt":"2024-09-24T21:32:45","slug":"home","status":"publish","type":"page","link":"https:\/\/ebooks.redpin.agency\/","title":{"rendered":"Home_ready"},"content":{"rendered":"\t\t<div data-elementor-type=\"wp-page\" data-elementor-id=\"1518\" class=\"elementor elementor-1518\">\n\t\t\t\t\t\t<section class=\"elementor-section elementor-top-section elementor-element elementor-element-765bb37c elementor-section-full_width elementor-section-height-default elementor-section-height-default row-top\" data-id=\"765bb37c\" data-element_type=\"section\">\n\t\t\t\t\t\t<div class=\"elementor-container elementor-column-gap-default\">\n\t\t\t\t\t<div class=\"elementor-column elementor-col-100 elementor-top-column elementor-element elementor-element-4142e75 column-style-top\" data-id=\"4142e75\" data-element_type=\"column\">\n\t\t\t<div class=\"elementor-widget-wrap elementor-element-populated\">\n\t\t\t\t\t\t<div class=\"elementor-element elementor-element-0ae416d elementor-widget elementor-widget-gva-rev-slider\" data-id=\"0ae416d\" data-element_type=\"widget\" data-widget_type=\"gva-rev-slider.default\">\n\t\t\t\t<div class=\"elementor-widget-container\">\n\t\t\t<div class=\"gva-element-gva-rev-slider gva-element\">\n\t\t\t\t<p class=\"rs-p-wp-fix\"><\/p>\n\t\t\t\t<sr7-module data-alias=\"slaido_12-11\" data-id=\"8\" id=\"SR7_8_1\" class=\"rs-ov-hidden\" data-version=\"6.7.15\">\n\t\t\t\t\t<sr7-adjuster><\/sr7-adjuster>\n\t\t\t\t\t<sr7-content>\n\t\t\t\t\t\t<sr7-slide id=\"SR7_8_1-25\" data-key=\"25\">\n\t\t\t\t\t\t\t<sr7-txt id=\"SR7_8_1-25-4\" class=\"sr7-layer\"><div id=\"mc_embed_signup\">\n    <form action=\"https:\/\/agency.us18.list-manage.com\/subscribe\/post?u=f369d16910edefc3341ada268&amp;id=9c3942fb49&amp;f_id=002ebde7f0\" method=\"post\" id=\"mc-embedded-subscribe-form\" name=\"mc-embedded-subscribe-form\" class=\"validate\" target=\"_blank\" novalidate>\n        <div id=\"mc_embed_signup_scroll\">\n            <h2>Zapisz si\u0119 <br> i pobierz PDF<\/h2>\n            <div class=\"mc-field-group\">\n              \n                <input type=\"email\" value=\"\" name=\"EMAIL\" class=\"required email\" id=\"mce-EMAIL\" placeholder=\"Twoj adres mailowy\" required=\"\">\n            <\/div>\n            <div class=\"mc-field-group\">\n             \n                <input type=\"text\" value=\"\" name=\"FNAME\" class=\"required\" id=\"mce-FNAME\" placeholder=\"Twoje Imie\" required=\"\">\n            <\/div>\n            <div id=\"mce-responses\" class=\"clear\">\n                <div class=\"response\" id=\"mce-error-response\" style=\"display:none\"><\/div>\n                <div class=\"response\" id=\"mce-success-response\" style=\"display:none\"><\/div>\n            <\/div>\n            <div style=\"position: absolute; left: -5000px;\" aria-hidden=\"true\"><input type=\"text\" name=\"b_twoj_id_twoja_lista\" tabindex=\"-1\" value=\"\"><\/div>\n            <div class=\"clear\">\n                <input type=\"submit\" value=\"Subskrybuj\" name=\"subscribe\" id=\"mc-embedded-subscribe\" class=\"button\">\n            <\/div>\n        <\/div>\n    <\/form>\n<\/div>\n<script type=\"text\/javascript\" src=\"\/\/s3.amazonaws.com\/downloads.mailchimp.com\/js\/mc-validate.js\"><\/script><script type=\"text\/javascript\">(function($) {window.fnames = new Array(); window.ftypes = new Array();fnames[0]='EMAIL';ftypes[0]='email';fnames[1]='FNAME';ftypes[1]='text';fnames[2]='LNAME';ftypes[2]='text';fnames[3]='ADDRESS';ftypes[3]='address';fnames[4]='PHONE';ftypes[4]='phone';fnames[5]='BIRTHDAY';ftypes[5]='birthday';}(jQuery));var $mcj = jQuery.noConflict(true);<\/script><\/div>\n<\/sr7-txt>\n\t\t\t\t\t\t<\/sr7-slide>\n\t\t\t\t\t\t<sr7-slide id=\"SR7_8_1-28\" data-key=\"28\">\n\t\t\t\t\t\t<\/sr7-slide>\n\t\t\t\t\t<\/sr7-content>\n\t\t\t\t\t<image_lists style=\"display:none\">\n\t\t\t\t\t\t<img data-src=\"\/\/ebooks.redpin.agency\/wp-content\/uploads\/2021\/06\/Grupa-1-kopia.png\" data-libid=\"1532\" data-lib=\"medialibrary\" title=\"Grupa 1 kopia\" width=\"0\" height=\"0\" data-dbsrc=\"Ly9lYm9va3MucmVkcGluLmFnZW5jeS93cC1jb250ZW50L3VwbG9hZHMvMjAyMS8wNi9HcnVwYS0xLWtvcGlhLnBuZw==\"\/>\n\t\t\t\t\t\t<img data-src=\"\/\/ebooks.redpin.agency\/wp-content\/uploads\/revslider\/12_b_lines.png\" data-libid=\"1259\" title=\"12_b_lines.png\" width=\"0\" height=\"0\" data-dbsrc=\"Ly9lYm9va3MucmVkcGluLmFnZW5jeS93cC1jb250ZW50L3VwbG9hZHMvcmV2c2xpZGVyLzEyX2JfbGluZXMucG5n\"\/>\n\t\t\t\t\t<\/image_lists>\n\t\t\t\t<\/sr7-module>\n\t\t\t\t<script>\n\t\t\t\t\tSR7.PMH ??={}; SR7.PMH[\"SR7_8_1\"] = {cn:0,state:false,fn: function() { if (_tpt!==undefined && _tpt.prepareModuleHeight !== undefined) {  _tpt.prepareModuleHeight({id:\"SR7_8_1\",el:[867.986,867.986,767.986,960,720],type:'standard',shdw:'0',gh:[868,868,768,960,720],gw:[1240,1240,1024,778,480],vpt:['100px&#039;,&#039;100px&#039;,&#039;100px&#039;,&#039;100px&#039;,&#039;100px'],size:{fullWidth:true, fullHeight:false},mh:'0',onh:0,onw:0,bg:{color:'{\"orig\":\"transparent\",\"type\":\"solid\",\"string\":\"transparent\"}'},plType:'0',plColor:'#FFFFFF'});   SR7.PMH[\"SR7_8_1\"].state=true;} else if((SR7.PMH[\"SR7_8_1\"].cn++)<100)\tsetTimeout( SR7.PMH[\"SR7_8_1\"].fn,19);}};SR7.PMH[\"SR7_8_1\" ].fn();\n\t\t\t\t<\/script>\n<\/div>\t\t<\/div>\n\t\t\t\t<\/div>\n\t\t\t\t\t<\/div>\n\t\t<\/div>\n\t\t\t\t\t<\/div>\n\t\t<\/section>\n\t\t\t\t<section class=\"elementor-section elementor-top-section elementor-element elementor-element-c1de4ce margin-btm elementor-section-boxed elementor-section-height-default elementor-section-height-default row-top\" data-id=\"c1de4ce\" data-element_type=\"section\" id=\"redpin-whoweare\">\n\t\t\t\t\t\t<div class=\"elementor-container elementor-column-gap-default\">\n\t\t\t\t\t<div class=\"elementor-column elementor-col-50 elementor-top-column elementor-element elementor-element-b40279e column-style-top\" data-id=\"b40279e\" data-element_type=\"column\">\n\t\t\t<div class=\"elementor-widget-wrap elementor-element-populated\">\n\t\t\t\t\t\t<div class=\"elementor-element elementor-element-c3ea33e elementor-widget elementor-widget-gva-image-content\" data-id=\"c3ea33e\" data-element_type=\"widget\" data-widget_type=\"gva-image-content.default\">\n\t\t\t\t<div class=\"elementor-widget-container\">\n\t\t\t<div class=\"gva-element-gva-image-content gva-element\">\t\t\r\n\t  \r\n\t \r\n\t\t\t<div class=\"gsc-image-content skin-v2\">\r\n\t\t\t \t\t\t\t <div class=\"image\">\r\n\t\t\t\t\t<img decoding=\"async\" src=\"https:\/\/ebooks.redpin.agency\/wp-content\/uploads\/2021\/03\/event-1.jpg\" alt=\"\" \/>  \r\n\t\t\t\t\t<div class=\"shape-1\"><\/div>\r\n\t\t\t\t <\/div>\r\n\t\t\t  \t\t\t\t\t\t <div class=\"image-second\">\r\n\t\t\t\t<div class=\"image-second-inner\">\r\n\t\t\t\t  <img decoding=\"async\" src=\"https:\/\/ebooks.redpin.agency\/wp-content\/uploads\/2021\/03\/event-2.jpg\" alt=\"\" \/>  \r\n\t\t\t\t<\/div>  \r\n\t\t\t <\/div>\r\n\t\t    \t\t\t\r\n\t\t<\/div>\r\n\t \r\n\r\n\t\r\n <\/div>\t\t<\/div>\n\t\t\t\t<\/div>\n\t\t\t\t\t<\/div>\n\t\t<\/div>\n\t\t\t\t<div class=\"elementor-column elementor-col-50 elementor-top-column elementor-element elementor-element-8f17d5f column-style-top\" data-id=\"8f17d5f\" data-element_type=\"column\">\n\t\t\t<div class=\"elementor-widget-wrap elementor-element-populated\">\n\t\t\t\t\t\t<div class=\"elementor-element elementor-element-e4ad0fb elementor-widget__width-initial elementor-widget elementor-widget-gva-heading-block\" data-id=\"e4ad0fb\" data-element_type=\"widget\" data-widget_type=\"gva-heading-block.default\">\n\t\t\t\t<div class=\"elementor-widget-container\">\n\t\t\t<div class=\"gva-element-gva-heading-block gva-element\">      <div class=\"align-left style-1 widget gsc-heading box-align-left auto-responsive\">\r\n      <div class=\"content-inner\">\r\n         \r\n                  \r\n                     <div class=\"sub-title\"><span>O naszej firmie<\/span><\/div>\r\n           \r\n         \r\n                     <h2 class=\"title\">\r\n               <span>Witaj w redPin <\/span>\r\n            <\/h2>\r\n                              <div class=\"title-desc\"><p>Jeste\u015bmy ekspertami w dziedzinie marketingu cyfrowego, pomagaj\u0105c firmom zwi\u0119kszy\u0107 swoj\u0105 widoczno\u015b\u0107 w sieci. Nasza misja to umo\u017cliwienie ka\u017cdemu przedsi\u0119biorstwu osi\u0105gni\u0119cie sukcesu online.<span style=\"color: var(--qempo-body-color);font-family: var(--qempo-font-sans-serif)\"><\/span><\/p><\/div>\r\n         \r\n         \r\n      <\/div>\r\n   <\/div>\r\n   \r\n    <\/div>\t\t<\/div>\n\t\t\t\t<\/div>\n\t\t\t\t<div class=\"elementor-element elementor-element-a0baaff elementor-widget-divider--view-line elementor-widget elementor-widget-divider\" data-id=\"a0baaff\" data-element_type=\"widget\" data-widget_type=\"divider.default\">\n\t\t\t\t<div class=\"elementor-widget-container\">\n\t\t\t\t\t<div class=\"elementor-divider\">\n\t\t\t<span class=\"elementor-divider-separator\">\n\t\t\t\t\t\t<\/span>\n\t\t<\/div>\n\t\t\t\t<\/div>\n\t\t\t\t<\/div>\n\t\t\t\t<div class=\"elementor-element elementor-element-f0a5f18 elementor-position-top elementor-widget elementor-widget-image-box\" data-id=\"f0a5f18\" data-element_type=\"widget\" data-widget_type=\"image-box.default\">\n\t\t\t\t<div class=\"elementor-widget-container\">\n\t\t\t<div class=\"elementor-image-box-wrapper\"><figure class=\"elementor-image-box-img\"><img decoding=\"async\" src=\"https:\/\/ebooks.redpin.agency\/wp-content\/uploads\/elementor\/thumbs\/Grupa-1-kopia-qulhiulvspphw96dyjv1x3zjp9bhzy2fdhnix1y6k8.png\" title=\"Grupa 1 kopia\" alt=\"Grupa 1 kopia\" loading=\"lazy\" \/><\/figure><div class=\"elementor-image-box-content\"><h3 class=\"elementor-image-box-title\">Chcesz wi\u0119cej darmowej wiedzy?\u200b<\/h3><p class=\"elementor-image-box-description\">zapisz sie ju\u017c teraz do naszego newslettera, aby nie przegapic nadchodzacych <b>ebook\u00f3w <\/b>oraz <b>webinar\u00f3w<\/b>!<\/p><\/div><\/div>\t\t<\/div>\n\t\t\t\t<\/div>\n\t\t\t\t\t<\/div>\n\t\t<\/div>\n\t\t\t\t\t<\/div>\n\t\t<\/section>\n\t\t\t\t<section class=\"elementor-section elementor-top-section elementor-element elementor-element-47dfbde5 margin-btm elementor-section-boxed elementor-section-height-default elementor-section-height-default row-top\" data-id=\"47dfbde5\" data-element_type=\"section\" id=\"redpin-contact\">\n\t\t\t\t\t\t<div class=\"elementor-container elementor-column-gap-no\">\n\t\t\t\t\t<div class=\"elementor-column elementor-col-50 elementor-top-column elementor-element elementor-element-19ffbc60 column-style-top\" data-id=\"19ffbc60\" data-element_type=\"column\">\n\t\t\t<div class=\"elementor-widget-wrap elementor-element-populated\">\n\t\t\t\t\t\t<div class=\"elementor-element elementor-element-2b7ddff0 elementor-widget elementor-widget-gva-heading-block\" data-id=\"2b7ddff0\" data-element_type=\"widget\" data-widget_type=\"gva-heading-block.default\">\n\t\t\t\t<div class=\"elementor-widget-container\">\n\t\t\t<div class=\"gva-element-gva-heading-block gva-element\">      <div class=\"align-left style-1 widget gsc-heading box-align-left auto-responsive\">\r\n      <div class=\"content-inner\">\r\n         \r\n                  \r\n                     <div class=\"sub-title\"><span>Czas na dobr\u0105 decyzje!<\/span><\/div>\r\n           \r\n         \r\n                     <h2 class=\"title\">\r\n               <span>Skontaktuj si\u0119 z nami!<\/span>\r\n            <\/h2>\r\n                  \r\n         \r\n      <\/div>\r\n   <\/div>\r\n   \r\n    <\/div>\t\t<\/div>\n\t\t\t\t<\/div>\n\t\t\t\t<div class=\"elementor-element elementor-element-7f2014f2 elementor-widget elementor-widget-shortcode\" data-id=\"7f2014f2\" data-element_type=\"widget\" data-widget_type=\"shortcode.default\">\n\t\t\t\t<div class=\"elementor-widget-container\">\n\t\t\t\t\t<div class=\"elementor-shortcode\">\n<div class=\"wpcf7 no-js\" id=\"wpcf7-f7-o1\" lang=\"en-US\" dir=\"ltr\">\n<div class=\"screen-reader-response\"><p role=\"status\" aria-live=\"polite\" aria-atomic=\"true\"><\/p> <ul><\/ul><\/div>\n<form action=\"\/index.php?rest_route=%2Fwp%2Fv2%2Fpages%2F1518#wpcf7-f7-o1\" method=\"post\" class=\"wpcf7-form init\" aria-label=\"Contact form\" novalidate=\"novalidate\" data-status=\"init\">\n<div style=\"display: none;\">\n<input type=\"hidden\" name=\"_wpcf7\" value=\"7\" \/>\n<input type=\"hidden\" name=\"_wpcf7_version\" value=\"5.9.8\" \/>\n<input type=\"hidden\" name=\"_wpcf7_locale\" value=\"en_US\" \/>\n<input type=\"hidden\" name=\"_wpcf7_unit_tag\" value=\"wpcf7-f7-o1\" \/>\n<input type=\"hidden\" name=\"_wpcf7_container_post\" value=\"0\" \/>\n<input type=\"hidden\" name=\"_wpcf7_posted_data_hash\" value=\"\" \/>\n<\/div>\n<div class=\"row\">\n   <div class=\"col-sm-6 col-xs-12\"><span class=\"wpcf7-form-control-wrap\" data-name=\"your-name\"><input size=\"40\" maxlength=\"400\" class=\"wpcf7-form-control wpcf7-text wpcf7-validates-as-required\" aria-required=\"true\" aria-invalid=\"false\" placeholder=\"Twoje imi\u0119\" value=\"\" type=\"text\" name=\"your-name\" \/><\/span><\/div>\n   <div class=\"col-sm-6 col-xs-12\"><span class=\"wpcf7-form-control-wrap\" data-name=\"your-email\"><input size=\"40\" maxlength=\"400\" class=\"wpcf7-form-control wpcf7-email wpcf7-validates-as-required wpcf7-text wpcf7-validates-as-email\" aria-required=\"true\" aria-invalid=\"false\" placeholder=\"Tw\u00f3j adres email\" value=\"\" type=\"email\" name=\"your-email\" \/><\/span><\/div>\n<\/div>\n<div class=\"row\">\n   <div class=\"col-sm-12 col-xs-12\"><span class=\"wpcf7-form-control-wrap\" data-name=\"your-subject\"><input size=\"40\" maxlength=\"400\" class=\"wpcf7-form-control wpcf7-text\" aria-invalid=\"false\" placeholder=\"Temat\" value=\"\" type=\"text\" name=\"your-subject\" \/><\/span> <\/div>\n<\/div>\n<div class=\"row\">\n   <div class=\"col-sm-12 col-xs-12\"><span class=\"wpcf7-form-control-wrap\" data-name=\"your-message\"><textarea cols=\"40\" rows=\"10\" maxlength=\"2000\" class=\"wpcf7-form-control wpcf7-textarea\" aria-invalid=\"false\" placeholder=\"Twoja wiadomo\u015b\u0107\" name=\"your-message\"><\/textarea><\/span> <\/div>\n<div class=\"row\">\n   <div class=\"col-sm-12 col-xs-12\"><span class=\"wpcf7-form-control-wrap\" data-name=\"acceptance-976\"><span class=\"wpcf7-form-control wpcf7-acceptance\"><span class=\"wpcf7-list-item\"><label><input type=\"checkbox\" name=\"acceptance-976\" value=\"1\" checked=\"checked\" aria-invalid=\"false\" \/><span class=\"wpcf7-list-item-label\">Wyra\u017cam zgod\u0119 na przetwarzanie moich danych osobowych zgodnie z ustaw\u0105 o ochronie danych osobowych w zwi\u0105zku z realizacj\u0105 zg\u0142oszenia. Podanie danych jest dobrowolne, ale niezb\u0119dne do przetworzenia zapytania. Zosta\u0142em \/am poinformowany \/a, \u017ce przys\u0142uguje mi prawo dost\u0119pu do swoich danych, mo\u017cliwo\u015bci ich poprawiania, \u017c\u0105dania zaprzestania ich przetwarzania. Administratorem danych osobowych jest redPin sp. z o.o. z siedzib\u0105 we Wroc\u0142awiu<\/span><\/label><\/span><\/span><\/span><\/div>\n<\/div>\n\n\n\n\n\n\n   <div class=\"col-sm-12 col-xs-12 action redpin-button\" style=\"border-radius:0px\"><span class=\"form-action\"><input class=\"wpcf7-form-control wpcf7-submit has-spinner\" type=\"submit\" value=\"Wy\u015blij wiadomo\u015b\u0107\" \/><\/span><\/div>\n<\/div><div class=\"wpcf7-response-output\" aria-hidden=\"true\"><\/div>\n<\/form>\n<\/div>\n<\/div>\n\t\t\t\t<\/div>\n\t\t\t\t<\/div>\n\t\t\t\t\t<\/div>\n\t\t<\/div>\n\t\t\t\t<div class=\"elementor-column elementor-col-50 elementor-top-column elementor-element elementor-element-42036220 column-style-top\" data-id=\"42036220\" data-element_type=\"column\">\n\t\t\t<div class=\"elementor-widget-wrap elementor-element-populated\">\n\t\t\t\t\t\t<div class=\"elementor-element elementor-element-4af8b1e3 elementor-widget elementor-widget-image\" data-id=\"4af8b1e3\" data-element_type=\"widget\" data-widget_type=\"image.default\">\n\t\t\t\t<div class=\"elementor-widget-container\">\n\t\t\t\t\t\t\t\t\t\t\t\t\t<img fetchpriority=\"high\" decoding=\"async\" width=\"650\" height=\"700\" src=\"https:\/\/ebooks.redpin.agency\/wp-content\/uploads\/2021\/07\/image-17.jpg\" class=\"attachment-full size-full wp-image-1058\" alt=\"\" \/>\t\t\t\t\t\t\t\t\t\t\t\t\t<\/div>\n\t\t\t\t<\/div>\n\t\t\t\t\t<\/div>\n\t\t<\/div>\n\t\t\t\t\t<\/div>\n\t\t<\/section>\n\t\t\t\t<section class=\"elementor-section elementor-top-section elementor-element elementor-element-254193bc elementor-section-boxed elementor-section-height-default elementor-section-height-default row-top\" data-id=\"254193bc\" data-element_type=\"section\" id=\"redpin-brief\" data-settings=\"{&quot;background_background&quot;:&quot;classic&quot;}\">\n\t\t\t\t\t\t<div class=\"elementor-container elementor-column-gap-default\">\n\t\t\t\t\t<div class=\"elementor-column elementor-col-50 elementor-top-column elementor-element elementor-element-1be63cd4 column-style-top\" data-id=\"1be63cd4\" data-element_type=\"column\">\n\t\t\t<div class=\"elementor-widget-wrap elementor-element-populated\">\n\t\t\t\t\t\t<div class=\"elementor-element elementor-element-78cb9337 elementor-widget elementor-widget-gva-image-content\" data-id=\"78cb9337\" data-element_type=\"widget\" data-widget_type=\"gva-image-content.default\">\n\t\t\t\t<div class=\"elementor-widget-container\">\n\t\t\t<div class=\"gva-element-gva-image-content gva-element\">\t\t\r\n\t  \r\n\t \r\n\t\t\t<div class=\"gsc-image-content skin-v2\">\r\n\t\t\t \t\t\t\t <div class=\"image\">\r\n\t\t\t\t\t<img decoding=\"async\" src=\"https:\/\/ebooks.redpin.agency\/wp-content\/uploads\/2021\/04\/image-23.jpg\" alt=\"\" \/>  \r\n\t\t\t\t\t<div class=\"shape-1\"><\/div>\r\n\t\t\t\t <\/div>\r\n\t\t\t  \t\t\t\t\t\t <div class=\"image-second\">\r\n\t\t\t\t<div class=\"image-second-inner\">\r\n\t\t\t\t  <img decoding=\"async\" src=\"https:\/\/ebooks.redpin.agency\/wp-content\/uploads\/2021\/06\/image-1.jpg\" alt=\"\" \/>  \r\n\t\t\t\t<\/div>  \r\n\t\t\t <\/div>\r\n\t\t    \t\t\t\r\n\t\t<\/div>\r\n\t \r\n\r\n\t\r\n <\/div>\t\t<\/div>\n\t\t\t\t<\/div>\n\t\t\t\t\t<\/div>\n\t\t<\/div>\n\t\t\t\t<div class=\"elementor-column elementor-col-50 elementor-top-column elementor-element elementor-element-4fe8fa8c column-style-top\" data-id=\"4fe8fa8c\" data-element_type=\"column\">\n\t\t\t<div class=\"elementor-widget-wrap elementor-element-populated\">\n\t\t\t\t\t\t<div class=\"elementor-element elementor-element-3e6e0766 elementor-widget elementor-widget-gva-heading-block\" data-id=\"3e6e0766\" data-element_type=\"widget\" data-widget_type=\"gva-heading-block.default\">\n\t\t\t\t<div class=\"elementor-widget-container\">\n\t\t\t<div class=\"gva-element-gva-heading-block gva-element\">      <div class=\"align-left style-1 widget gsc-heading box-align-left auto-responsive\">\r\n      <div class=\"content-inner\">\r\n         \r\n                  \r\n                     <div class=\"sub-title\"><span>Jeste\u015b got\u00f3w?<\/span><\/div>\r\n           \r\n         \r\n                     <h2 class=\"title\">\r\n               <span>Czas dzia\u0142a\u0107!<\/span>\r\n            <\/h2>\r\n                              <div class=\"title-desc\">Wype\u0142nienie briefu to kluczowy krok do stworzenia strony internetowej, idealnie dopasowanej do Twoich potrzeb. Dzi\u0119ki informacjom, kt\u00f3re nam przeka\u017cesz, mo\u017cemy lepiej zrozumie\u0107 Twoje cele i oczekiwania. Pozwoli nam to przygotowa\u0107 ofert\u0119 i projekt w pe\u0142ni dopasowane do Twojej wizji. Wype\u0142nij brief, aby rozpocz\u0105\u0107 wsp\u00f3\u0142prac\u0119 z redPin Agency!<\/div>\r\n         \r\n         \r\n      <\/div>\r\n   <\/div>\r\n   \r\n    <\/div>\t\t<\/div>\n\t\t\t\t<\/div>\n\t\t\t\t<section class=\"elementor-section elementor-inner-section elementor-element elementor-element-1ccdfc0f elementor-section-boxed elementor-section-height-default elementor-section-height-default row-top\" data-id=\"1ccdfc0f\" data-element_type=\"section\">\n\t\t\t\t\t\t<div class=\"elementor-container elementor-column-gap-default\">\n\t\t\t\t\t<div class=\"elementor-column elementor-col-50 elementor-inner-column elementor-element elementor-element-9221ace column-style-top\" data-id=\"9221ace\" data-element_type=\"column\">\n\t\t\t<div class=\"elementor-widget-wrap elementor-element-populated\">\n\t\t\t\t\t\t<div class=\"elementor-element elementor-element-369264b2 elementor-widget-tablet__width-initial elementor-widget-mobile__width-initial elementor-widget elementor-widget-text-editor\" data-id=\"369264b2\" data-element_type=\"widget\" data-widget_type=\"text-editor.default\">\n\t\t\t\t<div class=\"elementor-widget-container\">\n\t\t\t\t\t\t\t<div><a class=\"btn-theme redpin-button\" style=\"border-radius:0px\" href=\"https:\/\/forms.gle\/pGtgZgf4pj4XWD6w7\">Wype\u0142nij brief <\/a><\/div>\t\t\t\t\t\t<\/div>\n\t\t\t\t<\/div>\n\t\t\t\t\t<\/div>\n\t\t<\/div>\n\t\t\t\t<div class=\"elementor-column elementor-col-50 elementor-inner-column elementor-element elementor-element-69dfd2b column-style-top\" data-id=\"69dfd2b\" data-element_type=\"column\">\n\t\t\t<div class=\"elementor-widget-wrap elementor-element-populated\">\n\t\t\t\t\t\t<div class=\"elementor-element elementor-element-60696058 elementor-position-left icon-box-left elementor-widget-tablet__width-initial elementor-view-default elementor-mobile-position-top elementor-vertical-align-top elementor-widget elementor-widget-icon-box\" data-id=\"60696058\" data-element_type=\"widget\" data-widget_type=\"icon-box.default\">\n\t\t\t\t<div class=\"elementor-widget-container\">\n\t\t\t\t\t<div class=\"elementor-icon-box-wrapper\">\n\n\t\t\t\t\t\t<div class=\"elementor-icon-box-icon\">\n\t\t\t\t<a href=\"tel:732497070\" class=\"elementor-icon elementor-animation-\" tabindex=\"-1\">\n\t\t\t\t<i aria-hidden=\"true\" class=\" flaticon-phone-ringing\"><\/i>\t\t\t\t<\/a>\n\t\t\t<\/div>\n\t\t\t\n\t\t\t\t\t\t<div class=\"elementor-icon-box-content\">\n\n\t\t\t\t\t\t\t\t\t<div class=\"elementor-icon-box-title\">\n\t\t\t\t\t\t<a href=\"tel:732497070\" >\n\t\t\t\t\t\t\tZadzwo\u0144 do nas ju\u017c teraz!\t\t\t\t\t\t<\/a>\n\t\t\t\t\t<\/div>\n\t\t\t\t\n\t\t\t\t\t\t\t\t\t<p class=\"elementor-icon-box-description\">\n\t\t\t\t\t\t732 49 70 70\t\t\t\t\t<\/p>\n\t\t\t\t\n\t\t\t<\/div>\n\t\t\t\n\t\t<\/div>\n\t\t\t\t<\/div>\n\t\t\t\t<\/div>\n\t\t\t\t\t<\/div>\n\t\t<\/div>\n\t\t\t\t\t<\/div>\n\t\t<\/section>\n\t\t\t\t<div class=\"elementor-element elementor-element-a6beefb elementor-widget elementor-widget-spacer\" data-id=\"a6beefb\" data-element_type=\"widget\" data-widget_type=\"spacer.default\">\n\t\t\t\t<div class=\"elementor-widget-container\">\n\t\t\t\t\t<div class=\"elementor-spacer\">\n\t\t\t<div class=\"elementor-spacer-inner\"><\/div>\n\t\t<\/div>\n\t\t\t\t<\/div>\n\t\t\t\t<\/div>\n\t\t\t\t<div class=\"elementor-element elementor-element-7ab6e47 elementor-position-left icon-box-left elementor-widget-tablet__width-initial elementor-view-default elementor-mobile-position-top elementor-vertical-align-top elementor-widget elementor-widget-icon-box\" data-id=\"7ab6e47\" data-element_type=\"widget\" data-widget_type=\"icon-box.default\">\n\t\t\t\t<div class=\"elementor-widget-container\">\n\t\t\t\t\t<div class=\"elementor-icon-box-wrapper\">\n\n\t\t\t\t\t\t<div class=\"elementor-icon-box-icon\">\n\t\t\t\t<a href=\"mailto:kontakt@redpin.agency\" class=\"elementor-icon elementor-animation-\" tabindex=\"-1\">\n\t\t\t\t<i aria-hidden=\"true\" class=\" flaticon-email-3\"><\/i>\t\t\t\t<\/a>\n\t\t\t<\/div>\n\t\t\t\n\t\t\t\t\t\t<div class=\"elementor-icon-box-content\">\n\n\t\t\t\t\t\t\t\t\t<div class=\"elementor-icon-box-title\">\n\t\t\t\t\t\t<a href=\"mailto:kontakt@redpin.agency\" >\n\t\t\t\t\t\t\tMasz pytania? Napisz do nas!\t\t\t\t\t\t<\/a>\n\t\t\t\t\t<\/div>\n\t\t\t\t\n\t\t\t\t\t\t\t\t\t<p class=\"elementor-icon-box-description\">\n\t\t\t\t\t\tkontakt@redpin.agency\t\t\t\t\t<\/p>\n\t\t\t\t\n\t\t\t<\/div>\n\t\t\t\n\t\t<\/div>\n\t\t\t\t<\/div>\n\t\t\t\t<\/div>\n\t\t\t\t\t<\/div>\n\t\t<\/div>\n\t\t\t\t\t<\/div>\n\t\t<\/section>\n\t\t\t\t<\/div>\n\t\t","protected":false},"excerpt":{"rendered":"<p>O naszej firmie Witaj w redPin Jeste\u015bmy ekspertami w dziedzinie marketingu cyfrowego, pomagaj\u0105c firmom zwi\u0119kszy\u0107 swoj\u0105 widoczno\u015b\u0107 w sieci. Nasza misja to umo\u017cliwienie ka\u017cdemu przedsi\u0119biorstwu osi\u0105gni\u0119cie sukcesu online. Chcesz wi\u0119cej [&hellip;]<\/p>\n","protected":false},"author":1,"featured_media":0,"parent":0,"menu_order":0,"comment_status":"closed","ping_status":"closed","template":"","meta":{"footnotes":""},"class_list":["post-1518","page","type-page","status-publish","hentry"],"_links":{"self":[{"href":"https:\/\/ebooks.redpin.agency\/index.php?rest_route=\/wp\/v2\/pages\/1518","targetHints":{"allow":["GET"]}}],"collection":[{"href":"https:\/\/ebooks.redpin.agency\/index.php?rest_route=\/wp\/v2\/pages"}],"about":[{"href":"https:\/\/ebooks.redpin.agency\/index.php?rest_route=\/wp\/v2\/types\/page"}],"author":[{"embeddable":true,"href":"https:\/\/ebooks.redpin.agency\/index.php?rest_route=\/wp\/v2\/users\/1"}],"replies":[{"embeddable":true,"href":"https:\/\/ebooks.redpin.agency\/index.php?rest_route=%2Fwp%2Fv2%2Fcomments&post=1518"}],"version-history":[{"count":55,"href":"https:\/\/ebooks.redpin.agency\/index.php?rest_route=\/wp\/v2\/pages\/1518\/revisions"}],"predecessor-version":[{"id":1590,"href":"https:\/\/ebooks.redpin.agency\/index.php?rest_route=\/wp\/v2\/pages\/1518\/revisions\/1590"}],"wp:attachment":[{"href":"https:\/\/ebooks.redpin.agency\/index.php?rest_route=%2Fwp%2Fv2%2Fmedia&parent=1518"}],"curies":[{"name":"wp","href":"https:\/\/api.w.org\/{rel}","templated":true}]}}